{"id":2280,"date":"2023-03-04T13:34:54","date_gmt":"2023-03-04T12:34:54","guid":{"rendered":"https:\/\/pellenzer-open-air-festival.de\/?page_id=2280"},"modified":"2024-01-25T16:43:02","modified_gmt":"2024-01-25T15:43:02","slug":"bus","status":"publish","type":"page","link":"https:\/\/pellenzer-open-air-festival.de\/en\/anfahrt\/bus\/","title":{"rendered":"Arrival by bus"},"content":{"rendered":"<p>Footpaths and access routes are signposted all around the Pellenzer.<\/p>\n\t<p>It is best to take the Alter Kirchplatz (village square) stop in Plaidt. It is approached by almost all lines.<\/p>\n<p>From there you can walk to the festival site in 10 minutes.<\/p>\n<p>Or try to get off at Nettebr\u00fccke (Ochtendunger Str.) - then it&#039;s even a little shorter.<\/p>\n\t<h4>bus transport<\/h4>\n<p><a href=\"https:\/\/www.vrminfo.de\/fileadmin\/data\/pdf\/fahrplanbuecher\/2023\/300.pdf\" target=\"_blank\" rel=\"noopener\">line 300<\/a>\u00a0 <em>regional bus:<\/em> Niedermendig \u2013 Kruft \u2013 <strong>Plaidt<\/strong> \u2013 Wei\u00dfenthurm \u2013 Andernach train station \u2013 S\u00fcdh\u00f6he<\/p>\n<p><a href=\"https:\/\/www.vrminfo.de\/fileadmin\/data\/pdf\/fahrplanbuecher\/2023\/301.pdf\" target=\"_blank\" rel=\"noopener\">line 301<\/a>\u00a0 <em>regional bus:<\/em> R\u00fcbenach Amazon \u2013 Bassenheim \u2013 <strong>Plaidt<\/strong> \u2013 Andernach \u2013 Neuwied<\/p>\n<p><a href=\"https:\/\/www.vrminfo.de\/fileadmin\/data\/pdf\/fahrplanbuecher\/2023\/302.pdf\" target=\"_blank\" rel=\"noopener\">Line 302<\/a>\u00a0 Clouds \u2013 Ochtendung \/ Bassenheim \u2013 <strong>Plaidt<\/strong> \u2013 Andernach<\/p>\n<p><a href=\"https:\/\/www.vrminfo.de\/fileadmin\/data\/pdf\/fahrplanbuecher\/2023\/305.pdf\" target=\"_blank\" rel=\"noopener\">Line 305<\/a>\u00a0 Kruft \u2013 <strong>Plaidt<\/strong> \u2013 Andernach<\/p>\n<p><a href=\"https:\/\/www.vrminfo.de\/fileadmin\/data\/pdf\/fahrplanbuecher\/2023\/306.pdf\" target=\"_blank\" rel=\"noopener\">Line 306<\/a>\u00a0 Kruft \u2013 <strong>Plaidt<\/strong> \u2013 Miesenheim \u2013 Andernach \u2013 Wei\u00dfenthurm<\/p>\n<p><a href=\"https:\/\/www.vrminfo.de\/fileadmin\/data\/pdf\/fahrplanbuecher\/2023\/308.pdf\" target=\"_blank\" rel=\"noopener\">Line 308<\/a>\u00a0 Wassenach \u2013 Nickenich \u2013 Kruft \/ <strong>Plaidt<\/strong><\/p>\n<p><a href=\"https:\/\/www.vrminfo.de\/fileadmin\/data\/pdf\/fahrplanbuecher\/2023\/310.pdf\" target=\"_blank\" rel=\"noopener\">Line 310<\/a>\u00a0 <em>regional bus:<\/em> <strong>Plaidt<\/strong> \u2013 Kruft \/ Wassenach \u2013 Nickenich \u2013 Eich \u2013 Andernach train station \u2013 indoor swimming pool<\/p>\n<p><a href=\"https:\/\/www.vrminfo.de\/fileadmin\/data\/pdf\/fahrplanbuecher\/2023\/319.pdf\" target=\"_blank\" rel=\"noopener\">Line 319<\/a>\u00a0 Alzheim \u2013 Obermendig \u2013 Kruft \u2013 <strong>Plaidt<\/strong> \u2013 Ochtendung<\/p>\n<p><a href=\"https:\/\/www.vrminfo.de\/fileadmin\/data\/pdf\/fahrplanbuecher\/2023\/328.pdf\" target=\"_blank\" rel=\"noopener\">Line 328<\/a>\u00a0 Juicy \u2013 <strong>Plaidt<\/strong> \u2013 Wei\u00dfenthurm (- M\u00fclheim-K\u00e4rlich)<\/p>\n<p><a href=\"https:\/\/www.vrminfo.de\/fileadmin\/data\/pdf\/fahrplanbuecher\/2023\/333.pdf\" target=\"_blank\" rel=\"noopener\">Line 333<\/a>\u00a0 <em>FreizeitBus Pellenzvolcanoes:<\/em> Juicy \u2013 <strong>Plaidt<\/strong> \u2013 Kruft \u2013 Niedermendig \u2013 Maria Laach<\/p>\n<p><a href=\"https:\/\/www.vrminfo.de\/fileadmin\/data\/pdf\/fahrplanbuecher\/2023\/354.pdf\" target=\"_blank\" rel=\"noopener\">Line 354<\/a>\u00a0 Ochtendung \/ Clouds \u2013 Kobern-Gondorf<\/p>\n<p><a href=\"https:\/\/www.vrminfo.de\/fileadmin\/data\/pdf\/fahrplanbuecher\/2023\/389.pdf\" target=\"_blank\" rel=\"noopener\">Line 389<\/a>\u00a0 Volksfeld \/ St. Johann \u2013 Bell \u2013 Niedermendig \u2013 <strong>Plaidt<\/strong><\/p>\n<p><a href=\"https:\/\/www.vrminfo.de\/fileadmin\/data\/pdf\/fahrplanbuecher\/2023\/985.pdf\" target=\"_blank\" rel=\"noopener\">Line 985<\/a>\u00a0 Mayen \u2013 Bell \u2013 Mendig \u2013 Kruft \u2013 <strong>Plaidt<\/strong> \u2013 Niederbieber<\/p>\n<h4>night buses<\/h4>\n<p><a href=\"https:\/\/www.vrminfo.de\/fileadmin\/data\/pdf\/fahrplanbuecher\/2023\/N26.pdf\" target=\"_blank\" rel=\"noopener\">Line N26<\/a>\u00a0 <em>Night bus:<\/em> Mayen \u2013 Kottenheim \u2013 Niedermendig \u2013 <strong>Plaidt<\/strong> \u2013 Andernach<\/p>\n<p><a href=\"https:\/\/www.vrminfo.de\/fileadmin\/data\/pdf\/fahrplanbuecher\/2023\/N27.pdf\" target=\"_blank\" rel=\"noopener\">Line N27<\/a>\u00a0 <em>Night bus:<\/em> Bassenheim \u2013 <strong>Plaidt<\/strong><\/p>\n<p>Source: <a href=\"https:\/\/www.vrminfo.de\/\" target=\"_blank\" rel=\"noopener\">vrminfo.de<\/a><\/p>\n\t<a href=\"https:\/\/pellenzer-open-air-festival.de\/en\/anfahrt\/\" target=\"_self\" role=\"button\" aria-label=\"back to the approach\" rel=\"noopener\">\n\t\t\t\t\t\tback to the approach\n\t\t\t\t\t<\/a>\n\t<a href=\"https:\/\/pellenzer-open-air-festival.de\/en\/\" target=\"_self\" role=\"button\" aria-label=\"back to home page\" rel=\"noopener\">\n\t\t\t\t\t\tback to home page\n\t\t\t\t\t<\/a>\n                    <a href=\"http:\/\/www.pegasus-plaidt.de\" target=\"_blank\" rel=\"nofollow noopener\">\n\t\t\t\t\t\t\t<img decoding=\"async\" src=\"https:\/\/pellenzer-open-air-festival.de\/wp-content\/uploads\/2022\/05\/Pegasus.png\" alt=\"Pegasus\" data-no-lazy=\"1\" \/>\n                            \n                                Pegasus                            \n                            <\/a>\n                    <a href=\"https:\/\/kultursommer.de\/\" target=\"_blank\" rel=\"nofollow noopener\">\n\t\t\t\t\t\t\t<img decoding=\"async\" src=\"https:\/\/pellenzer-open-air-festival.de\/wp-content\/uploads\/2022\/05\/kuso.png\" alt=\"Kuso\" data-no-lazy=\"1\" \/>\n                            \n                                Kuso                            \n                            <\/a>\n                    <a href=\"https:\/\/kulturbuero-rlp.de\/\" target=\"_blank\" rel=\"nofollow noopener\">\n\t\t\t\t\t\t\t<img decoding=\"async\" src=\"https:\/\/pellenzer-open-air-festival.de\/wp-content\/uploads\/2022\/05\/kulturbuerorlp.png\" alt=\"Kulturb\u00fcro RLP\" data-no-lazy=\"1\" \/>\n                            \n                                Cultural Office RLP                            \n                            <\/a>\n                    <a href=\"https:\/\/lag-sozkul.de\/\" target=\"_blank\" rel=\"nofollow noopener\">\n\t\t\t\t\t\t\t<img decoding=\"async\" src=\"https:\/\/pellenzer-open-air-festival.de\/wp-content\/uploads\/2022\/05\/lag.png\" alt=\"LAG\" data-no-lazy=\"1\" \/>\n                            \n                                LAG                            \n                            <\/a>\n                    <a href=\"https:\/\/www.ticket-regional.de\/\" target=\"_blank\" rel=\"nofollow noopener\">\n\t\t\t\t\t\t\t<img decoding=\"async\" src=\"https:\/\/pellenzer-open-air-festival.de\/wp-content\/uploads\/2022\/05\/ticket-regional.png\" alt=\"Ticket Regional\" data-no-lazy=\"1\" \/>\n                            \n                                Regional ticket                            \n                            <\/a>\n                    <a href=\"https:\/\/www.bitburger.de\/\" target=\"_blank\" rel=\"nofollow noopener\">\n\t\t\t\t\t\t\t<img decoding=\"async\" src=\"https:\/\/pellenzer-open-air-festival.de\/wp-content\/uploads\/2022\/05\/bit-2.png\" alt=\"Bitburger\" data-no-lazy=\"1\" \/>\n                            \n                                Bitburger                            \n                            <\/a>\n                    <a href=\"https:\/\/afri.de\/\" target=\"_blank\" rel=\"nofollow noopener\">\n\t\t\t\t\t\t\t<img decoding=\"async\" src=\"https:\/\/pellenzer-open-air-festival.de\/wp-content\/uploads\/2022\/05\/afri-1.png\" alt=\"Afri\" data-no-lazy=\"1\" \/>\n                            \n                                African                            \n                            <\/a>\n                    <a href=\"https:\/\/www.rhodius.de\/\" target=\"_blank\" rel=\"nofollow noopener\">\n\t\t\t\t\t\t\t<img decoding=\"async\" src=\"https:\/\/pellenzer-open-air-festival.de\/wp-content\/uploads\/2022\/05\/rhodius.png\" alt=\"Rhodius\" data-no-lazy=\"1\" \/>\n                            \n                                Rhodius                            \n                            <\/a>\n                    <a href=\"https:\/\/www.getraenke-klein.info\/\" target=\"_blank\" rel=\"nofollow noopener\">\n\t\t\t\t\t\t\t<img decoding=\"async\" src=\"https:\/\/pellenzer-open-air-festival.de\/wp-content\/uploads\/2022\/05\/klein-1.png\" alt=\"Klein\" data-no-lazy=\"1\" \/>\n                            \n                                Small                            \n                            <\/a>\n                    <a href=\"https:\/\/www.kmevent.de\/\" target=\"_blank\" rel=\"nofollow noopener\">\n\t\t\t\t\t\t\t<img decoding=\"async\" src=\"https:\/\/pellenzer-open-air-festival.de\/wp-content\/uploads\/2022\/05\/km.png\" alt=\"KM\" data-no-lazy=\"1\" \/>\n                            \n                                KM                            \n                            <\/a>\n                    <a href=\"http:\/\/secthor5.de\/\" target=\"_blank\" rel=\"nofollow noopener\">\n\t\t\t\t\t\t\t<img decoding=\"async\" src=\"https:\/\/pellenzer-open-air-festival.de\/wp-content\/uploads\/2022\/05\/secthor.png\" alt=\"Secthor5\" data-no-lazy=\"1\" \/>\n                            \n                                Sector5                            \n                            <\/a>\n                    <a href=\"https:\/\/thekending.de\/\" target=\"_blank\" rel=\"nofollow noopener\">\n\t\t\t\t\t\t\t<img decoding=\"async\" src=\"https:\/\/pellenzer-open-air-festival.de\/wp-content\/uploads\/2022\/05\/kending.png\" alt=\"Kending\" data-no-lazy=\"1\" \/>\n                            \n                                kending                            \n                            <\/a>\n\t\t\t<button>Next<\/button>\n\t\t<button>Previous<\/button>\n\t<p><strong>Legal<\/strong><\/p>\n<a href=\"https:\/\/pellenzer-open-air-festival.de\/en\/impressum\/\">imprint<\/a><br \/>\n<a href=\"https:\/\/pellenzer-open-air-festival.de\/en\/datenschutzerklaerung\/\">data protection<\/a>\n\t<p><strong>Contact<\/strong><\/p>\n<a href=\"https:\/\/pellenzer-open-air-festival.de\/en\/kontakt\/\">Application &amp; Support<\/a><br \/>\n<a href=\"https:\/\/pellenzer-open-air-festival.de\/en\/jobs\/\">jobs<\/a>\n\t<p><strong>press and staff<\/strong><\/p>\n<a href=\"https:\/\/pellenzer-open-air-festival.de\/en\/presse\/\">Logos, photos &amp; texts<\/a><br \/>\n<a href=\"https:\/\/intern.pellenzer-open-air-festival.de\/\" target=\"_blank\" rel=\"noopener\">internal area<\/a>\n\t<a href=\"http:\/\/www.pegasus-plaidt.de\" target=\"_blank\" rel=\"noopener\">The Pellenzer Open Air Festival is an event of the<br \/>\nPegasus eV, association for art, culture and youth<\/a>\nChanges, errors and all rights reserved.<br \/>\nSeason times are subject to change at short notice.","protected":false},"excerpt":{"rendered":"<p>Footpaths and access routes are signposted everywhere around the Pellenzer. It&#039;s best to take the Alter Kirchplatz (village square) stop in Plaidt. It is served by almost all lines. From there you can reach the festival site in 10 minutes on foot. Or try to get off at Nettebr\u00fccke (Ochtendunger Str.) - then it&#039;s even a little shorter. Bus transport\u2026<\/p>","protected":false},"author":1,"featured_media":48,"parent":295,"menu_order":0,"comment_status":"closed","ping_status":"closed","template":"tpl-no-header-footer.php","meta":{"footnotes":""},"class_list":["post-2280","page","type-page","status-publish","has-post-thumbnail","hentry"],"yoast_head":"<!-- This site is optimized with the Yoast SEO plugin v27.3 - https:\/\/yoast.com\/product\/yoast-seo-wordpress\/ -->\n<title>Anfahrt mit dem Bus | Pellenzer Open Air Festival<\/title>\n<meta name=\"description\" content=\"Kommt Ihr das ganze Wochenende mit Schlafsack und Zelt, Wohnwagen oder Camper - oder nur mal f\u00fcr einen Tag: Hier findet Ihr alle Infos zur Anreise mit dem Bus.\" \/>\n<meta name=\"robots\" content=\"index, follow, max-snippet:-1, max-image-preview:large, max-video-preview:-1\" \/>\n<link rel=\"canonical\" href=\"https:\/\/pellenzer-open-air-festival.de\/en\/anfahrt\/bus\/\" \/>\n<meta property=\"og:locale\" content=\"en_US\" \/>\n<meta property=\"og:type\" content=\"article\" \/>\n<meta property=\"og:title\" content=\"Anfahrt mit dem Bus | Pellenzer Open Air Festival\" \/>\n<meta property=\"og:description\" content=\"Kommt Ihr das ganze Wochenende mit Schlafsack und Zelt, Wohnwagen oder Camper - oder nur mal f\u00fcr einen Tag: Hier findet Ihr alle Infos zur Anreise mit dem Bus.\" \/>\n<meta property=\"og:url\" content=\"https:\/\/pellenzer-open-air-festival.de\/en\/anfahrt\/bus\/\" \/>\n<meta property=\"og:site_name\" content=\"Pellenzer Open Air Festival\" \/>\n<meta property=\"article:publisher\" content=\"https:\/\/www.facebook.com\/pellenzer\" \/>\n<meta property=\"article:modified_time\" content=\"2024-01-25T15:43:02+00:00\" \/>\n<meta property=\"og:image\" content=\"https:\/\/pellenzer-open-air-festival.de\/wp-content\/uploads\/2022\/05\/Pelle_icon_512x512.jpg\" \/>\n\t<meta property=\"og:image:width\" content=\"512\" \/>\n\t<meta property=\"og:image:height\" content=\"512\" \/>\n\t<meta property=\"og:image:type\" content=\"image\/jpeg\" \/>\n<meta name=\"twitter:card\" content=\"summary_large_image\" \/>\n<meta name=\"twitter:label1\" content=\"Est. reading time\" \/>\n\t<meta name=\"twitter:data1\" content=\"1 minute\" \/>\n<script type=\"application\/ld+json\" class=\"yoast-schema-graph\">{\"@context\":\"https:\\\/\\\/schema.org\",\"@graph\":[{\"@type\":\"WebPage\",\"@id\":\"https:\\\/\\\/pellenzer-open-air-festival.de\\\/anfahrt\\\/bus\\\/\",\"url\":\"https:\\\/\\\/pellenzer-open-air-festival.de\\\/anfahrt\\\/bus\\\/\",\"name\":\"Anfahrt mit dem Bus | Pellenzer Open Air Festival\",\"isPartOf\":{\"@id\":\"https:\\\/\\\/pellenzer-open-air-festival.de\\\/#website\"},\"primaryImageOfPage\":{\"@id\":\"https:\\\/\\\/pellenzer-open-air-festival.de\\\/anfahrt\\\/bus\\\/#primaryimage\"},\"image\":{\"@id\":\"https:\\\/\\\/pellenzer-open-air-festival.de\\\/anfahrt\\\/bus\\\/#primaryimage\"},\"thumbnailUrl\":\"https:\\\/\\\/pellenzer-open-air-festival.de\\\/wp-content\\\/uploads\\\/2022\\\/05\\\/Pelle_icon_512x512.jpg\",\"datePublished\":\"2023-03-04T12:34:54+00:00\",\"dateModified\":\"2024-01-25T15:43:02+00:00\",\"description\":\"Kommt Ihr das ganze Wochenende mit Schlafsack und Zelt, Wohnwagen oder Camper - oder nur mal f\u00fcr einen Tag: Hier findet Ihr alle Infos zur Anreise mit dem Bus.\",\"breadcrumb\":{\"@id\":\"https:\\\/\\\/pellenzer-open-air-festival.de\\\/anfahrt\\\/bus\\\/#breadcrumb\"},\"inLanguage\":\"en-US\",\"potentialAction\":[{\"@type\":\"ReadAction\",\"target\":[\"https:\\\/\\\/pellenzer-open-air-festival.de\\\/anfahrt\\\/bus\\\/\"]}]},{\"@type\":\"ImageObject\",\"inLanguage\":\"en-US\",\"@id\":\"https:\\\/\\\/pellenzer-open-air-festival.de\\\/anfahrt\\\/bus\\\/#primaryimage\",\"url\":\"https:\\\/\\\/pellenzer-open-air-festival.de\\\/wp-content\\\/uploads\\\/2022\\\/05\\\/Pelle_icon_512x512.jpg\",\"contentUrl\":\"https:\\\/\\\/pellenzer-open-air-festival.de\\\/wp-content\\\/uploads\\\/2022\\\/05\\\/Pelle_icon_512x512.jpg\",\"width\":512,\"height\":512,\"caption\":\"PELLE Webicon jpg\"},{\"@type\":\"BreadcrumbList\",\"@id\":\"https:\\\/\\\/pellenzer-open-air-festival.de\\\/anfahrt\\\/bus\\\/#breadcrumb\",\"itemListElement\":[{\"@type\":\"ListItem\",\"position\":1,\"name\":\"Startseite\",\"item\":\"https:\\\/\\\/pellenzer-open-air-festival.de\\\/\"},{\"@type\":\"ListItem\",\"position\":2,\"name\":\"Anfahrt\",\"item\":\"https:\\\/\\\/pellenzer-open-air-festival.de\\\/anfahrt\\\/\"},{\"@type\":\"ListItem\",\"position\":3,\"name\":\"Anfahrt mit dem Bus\"}]},{\"@type\":\"WebSite\",\"@id\":\"https:\\\/\\\/pellenzer-open-air-festival.de\\\/#website\",\"url\":\"https:\\\/\\\/pellenzer-open-air-festival.de\\\/\",\"name\":\"Pellenzer Open Air Festival\",\"description\":\"Pellenzer\",\"publisher\":{\"@id\":\"https:\\\/\\\/pellenzer-open-air-festival.de\\\/#organization\"},\"potentialAction\":[{\"@type\":\"SearchAction\",\"target\":{\"@type\":\"EntryPoint\",\"urlTemplate\":\"https:\\\/\\\/pellenzer-open-air-festival.de\\\/?s={search_term_string}\"},\"query-input\":{\"@type\":\"PropertyValueSpecification\",\"valueRequired\":true,\"valueName\":\"search_term_string\"}}],\"inLanguage\":\"en-US\"},{\"@type\":\"Organization\",\"@id\":\"https:\\\/\\\/pellenzer-open-air-festival.de\\\/#organization\",\"name\":\"Pellenzer Open Air Festival\",\"url\":\"https:\\\/\\\/pellenzer-open-air-festival.de\\\/\",\"logo\":{\"@type\":\"ImageObject\",\"inLanguage\":\"en-US\",\"@id\":\"https:\\\/\\\/pellenzer-open-air-festival.de\\\/#\\\/schema\\\/logo\\\/image\\\/\",\"url\":\"https:\\\/\\\/pellenzer-open-air-festival.de\\\/wp-content\\\/uploads\\\/2022\\\/05\\\/Pelle.png\",\"contentUrl\":\"https:\\\/\\\/pellenzer-open-air-festival.de\\\/wp-content\\\/uploads\\\/2022\\\/05\\\/Pelle.png\",\"width\":1920,\"height\":1953,\"caption\":\"Pellenzer Open Air Festival\"},\"image\":{\"@id\":\"https:\\\/\\\/pellenzer-open-air-festival.de\\\/#\\\/schema\\\/logo\\\/image\\\/\"},\"sameAs\":[\"https:\\\/\\\/www.facebook.com\\\/pellenzer\",\"https:\\\/\\\/www.instagram.com\\\/pelledelenzer\"]}]}<\/script>\n<!-- \/ Yoast SEO plugin. -->","yoast_head_json":{"title":"Getting there by bus | Pellenzer Open Air Festival","description":"Whether you&#039;re coming for the whole weekend with a sleeping bag and tent, caravan or camper - or just for a day: Here you&#039;ll find all the information you need about arriving by bus.","robots":{"index":"index","follow":"follow","max-snippet":"max-snippet:-1","max-image-preview":"max-image-preview:large","max-video-preview":"max-video-preview:-1"},"canonical":"https:\/\/pellenzer-open-air-festival.de\/en\/anfahrt\/bus\/","og_locale":"en_US","og_type":"article","og_title":"Anfahrt mit dem Bus | Pellenzer Open Air Festival","og_description":"Kommt Ihr das ganze Wochenende mit Schlafsack und Zelt, Wohnwagen oder Camper - oder nur mal f\u00fcr einen Tag: Hier findet Ihr alle Infos zur Anreise mit dem Bus.","og_url":"https:\/\/pellenzer-open-air-festival.de\/en\/anfahrt\/bus\/","og_site_name":"Pellenzer Open Air Festival","article_publisher":"https:\/\/www.facebook.com\/pellenzer","article_modified_time":"2024-01-25T15:43:02+00:00","og_image":[{"width":512,"height":512,"url":"https:\/\/pellenzer-open-air-festival.de\/wp-content\/uploads\/2022\/05\/Pelle_icon_512x512.jpg","type":"image\/jpeg"}],"twitter_card":"summary_large_image","twitter_misc":{"Est. reading time":"1 minute"},"schema":{"@context":"https:\/\/schema.org","@graph":[{"@type":"WebPage","@id":"https:\/\/pellenzer-open-air-festival.de\/anfahrt\/bus\/","url":"https:\/\/pellenzer-open-air-festival.de\/anfahrt\/bus\/","name":"Getting there by bus | Pellenzer Open Air Festival","isPartOf":{"@id":"https:\/\/pellenzer-open-air-festival.de\/#website"},"primaryImageOfPage":{"@id":"https:\/\/pellenzer-open-air-festival.de\/anfahrt\/bus\/#primaryimage"},"image":{"@id":"https:\/\/pellenzer-open-air-festival.de\/anfahrt\/bus\/#primaryimage"},"thumbnailUrl":"https:\/\/pellenzer-open-air-festival.de\/wp-content\/uploads\/2022\/05\/Pelle_icon_512x512.jpg","datePublished":"2023-03-04T12:34:54+00:00","dateModified":"2024-01-25T15:43:02+00:00","description":"Whether you&#039;re coming for the whole weekend with a sleeping bag and tent, caravan or camper - or just for a day: Here you&#039;ll find all the information you need about arriving by bus.","breadcrumb":{"@id":"https:\/\/pellenzer-open-air-festival.de\/anfahrt\/bus\/#breadcrumb"},"inLanguage":"en-US","potentialAction":[{"@type":"ReadAction","target":["https:\/\/pellenzer-open-air-festival.de\/anfahrt\/bus\/"]}]},{"@type":"ImageObject","inLanguage":"en-US","@id":"https:\/\/pellenzer-open-air-festival.de\/anfahrt\/bus\/#primaryimage","url":"https:\/\/pellenzer-open-air-festival.de\/wp-content\/uploads\/2022\/05\/Pelle_icon_512x512.jpg","contentUrl":"https:\/\/pellenzer-open-air-festival.de\/wp-content\/uploads\/2022\/05\/Pelle_icon_512x512.jpg","width":512,"height":512,"caption":"PELLE Webicon jpg"},{"@type":"BreadcrumbList","@id":"https:\/\/pellenzer-open-air-festival.de\/anfahrt\/bus\/#breadcrumb","itemListElement":[{"@type":"ListItem","position":1,"name":"Startseite","item":"https:\/\/pellenzer-open-air-festival.de\/"},{"@type":"ListItem","position":2,"name":"Anfahrt","item":"https:\/\/pellenzer-open-air-festival.de\/anfahrt\/"},{"@type":"ListItem","position":3,"name":"Anfahrt mit dem Bus"}]},{"@type":"WebSite","@id":"https:\/\/pellenzer-open-air-festival.de\/#website","url":"https:\/\/pellenzer-open-air-festival.de\/","name":"Pellenzer Open Air Festival","description":"Pellenzer","publisher":{"@id":"https:\/\/pellenzer-open-air-festival.de\/#organization"},"potentialAction":[{"@type":"SearchAction","target":{"@type":"EntryPoint","urlTemplate":"https:\/\/pellenzer-open-air-festival.de\/?s={search_term_string}"},"query-input":{"@type":"PropertyValueSpecification","valueRequired":true,"valueName":"search_term_string"}}],"inLanguage":"en-US"},{"@type":"Organization","@id":"https:\/\/pellenzer-open-air-festival.de\/#organization","name":"Pellenzer Open Air Festival","url":"https:\/\/pellenzer-open-air-festival.de\/","logo":{"@type":"ImageObject","inLanguage":"en-US","@id":"https:\/\/pellenzer-open-air-festival.de\/#\/schema\/logo\/image\/","url":"https:\/\/pellenzer-open-air-festival.de\/wp-content\/uploads\/2022\/05\/Pelle.png","contentUrl":"https:\/\/pellenzer-open-air-festival.de\/wp-content\/uploads\/2022\/05\/Pelle.png","width":1920,"height":1953,"caption":"Pellenzer Open Air Festival"},"image":{"@id":"https:\/\/pellenzer-open-air-festival.de\/#\/schema\/logo\/image\/"},"sameAs":["https:\/\/www.facebook.com\/pellenzer","https:\/\/www.instagram.com\/pelledelenzer"]}]}},"_links":{"self":[{"href":"https:\/\/pellenzer-open-air-festival.de\/en\/wp-json\/wp\/v2\/pages\/2280","targetHints":{"allow":["GET"]}}],"collection":[{"href":"https:\/\/pellenzer-open-air-festival.de\/en\/wp-json\/wp\/v2\/pages"}],"about":[{"href":"https:\/\/pellenzer-open-air-festival.de\/en\/wp-json\/wp\/v2\/types\/page"}],"author":[{"embeddable":true,"href":"https:\/\/pellenzer-open-air-festival.de\/en\/wp-json\/wp\/v2\/users\/1"}],"replies":[{"embeddable":true,"href":"https:\/\/pellenzer-open-air-festival.de\/en\/wp-json\/wp\/v2\/comments?post=2280"}],"version-history":[{"count":5,"href":"https:\/\/pellenzer-open-air-festival.de\/en\/wp-json\/wp\/v2\/pages\/2280\/revisions"}],"predecessor-version":[{"id":2467,"href":"https:\/\/pellenzer-open-air-festival.de\/en\/wp-json\/wp\/v2\/pages\/2280\/revisions\/2467"}],"up":[{"embeddable":true,"href":"https:\/\/pellenzer-open-air-festival.de\/en\/wp-json\/wp\/v2\/pages\/295"}],"wp:featuredmedia":[{"embeddable":true,"href":"https:\/\/pellenzer-open-air-festival.de\/en\/wp-json\/wp\/v2\/media\/48"}],"wp:attachment":[{"href":"https:\/\/pellenzer-open-air-festival.de\/en\/wp-json\/wp\/v2\/media?parent=2280"}],"curies":[{"name":"wp","href":"https:\/\/api.w.org\/{rel}","templated":true}]}}