{"id":319,"date":"2022-06-05T14:23:48","date_gmt":"2022-06-05T12:23:48","guid":{"rendered":"https:\/\/pellenzer-open-air-festival.de\/?page_id=319"},"modified":"2024-07-18T17:34:14","modified_gmt":"2024-07-18T15:34:14","slug":"faq","status":"publish","type":"page","link":"https:\/\/pellenzer-open-air-festival.de\/en\/faq\/","title":{"rendered":"FAQ"},"content":{"rendered":"\n\n\t\t<h1>\n\t\t\t\t\t\t\t<a href=\"https:\/\/pellenzer-open-air-festival.de\/\" target=\"_self\" rel=\"noopener\">\n\t\t\t38. Pellenzer Open Air Festival\n\t\t\t\t\t\t\t<\/a>\n\t\t<\/h1>\n\t<p>18. &#8211; 20. August 2023<\/p>\n\t<a href=\"https:\/\/www.ticket-regional.de\/pellenzer\" target=\"_blank\" role=\"button\" rel=\"noopener\" aria-label=\"Jetzt Tickets sichern!\">\n\t\t\t\t\t\tJetzt Tickets sichern!\n\t\t\t\t\t<\/a>\n\t<p>FaQ &#8211; H\u00e4ufig gestellte Fragen<\/p>\n\t<h3>Fragen zur Anreise<\/h3>\n\t\t\t\tAb wann darf ich anreisen?\n\t\t\t\t<p>Ab Donnerstagmittag ist unser Zeltplatz und am Mittwoch ist schon unser Campingplatz f\u00fcr Besucher ge\u00f6ffnet und es darf angereist werden! <\/p>\n<p><a href=\"https:\/\/pellenzer-open-air-festival.de\/zelten\/\" data-type=\"page\" data-id=\"457\">Weiteres dazu erf\u00e4hrst Du hier<\/a>.<\/p>\n\t\t\t\tKann ich mit dem Auto bis zum Zeltplatz fahren?\n\t\t\t\t<p>Ja, aber nur bis das Pellenzer offiziell die T\u00fcren \u00f6ffnet; das ist am Freitag um 17 Uhr.<\/p>\n<p>Zum Ausladen kannst Du vorher mit dem Auto bis zum Zeltplatz \u00fcber die M\u00fchlenstra\u00dfe durchfahren. Fahre aber m\u00f6glichst schnell wieder mit Deinem Fahrzeug raus und such Dir einen Parkplatz au\u00dferhalb unserem Gel\u00e4nde. <\/p>\n<p><a href=\"https:\/\/pellenzer-open-air-festival.de\/anfahrt\/\" data-type=\"page\" data-id=\"295\">Wie Du genau zum Zeltplatz hinfindest, erf\u00e4hrst Du hier.<\/a><\/p>\n\t<h3>Fragen zum Zeltplatz &amp; Campingplatz<\/h3>\n\t\t\t\tAb wann darf ich anreisen?\n\t\t\t\t<p>Ab Donnerstagmittag ist unser Zeltplatz und am Mittwoch ist schon unser Campingplatz f\u00fcr Besucher ge\u00f6ffnet und es darf angereist werden! <\/p>\n<p><a href=\"https:\/\/pellenzer-open-air-festival.de\/zelten\/\" data-type=\"page\" data-id=\"457\">Weiteres dazu erf\u00e4hrst Du hier<\/a>.<\/p>\n\t\t\t\tDarf ich meinen Hund mitbringen?\n\t\t\t\t<p>Aber selbstnat\u00fcrlich! \ud83d\ude42<\/p>\n<p>Nimm ihn jedoch auf unseren Festivalgel\u00e4nde an die Leine. Dort laufen auch eine Menge Kinder rum und wir haben gute Erfahrungen gesammelt, wenn eins von beiden angeleint ist. Bevor es zu Nachfragen kommt: Wir haben uns auf Hunde verst\u00e4ndigt.<\/p>\n\t\t\t\tIch hab ein Smartphone oder Portemonnaie gefunden. Wo kann ich das abgeben?\n\t\t\t\t<p>Fundsachen kannst Du auf dem Festivalgel\u00e4nde in dem blauen Bauwagen abgeben. <\/p>\n<p>Dort beantwortest Du noch ein paar Fragen, wo Du es gefunden hast und wann &#8211; und alles Weitere erledigen wir.<\/p>\n<p>Und vielen Dank, dass Du so ehrlich bist! \ud83d\ude42<\/p>\n\t\t\t\tIch hab meine Uhr (mein Portemonnaie etc.) verloren. Wo k\u00f6nnte ich die wiederbekommen?\n\t\t\t\t<p>Komm zum blauen Bauwagen auf dem Festivalgel\u00e4nde. <\/p>\n<p>Vielleicht ist Dein verlorener Gegenstand zwischenzeitlich schon wieder aufgetaucht.<\/p>\n\t<h3>Fragen zum Festivalgel\u00e4nde<\/h3>\n\t\t\t\tIch hab meine Uhr (mein Portemonnaie etc.) verloren. Wo k\u00f6nnte ich die wiederbekommen?\n\t\t\t\t<p>Komm zum blauen Bauwagen auf dem Festivalgel\u00e4nde. <\/p>\n<p>Vielleicht ist Dein verlorener Gegenstand zwischenzeitlich schon wieder aufgetaucht.<\/p>\n\t\t\t\tIch hab ein Smartphone oder Portemonnaie gefunden. Wo kann ich das abgeben?\n\t\t\t\t<p>Fundsachen kannst Du auf dem Festivalgel\u00e4nde in dem blauen Bauwagen abgeben. <\/p>\n<p>Dort beantwortest Du noch ein paar Fragen, wo Du es gefunden hast und wann &#8211; und alles Weitere erledigen wir.<\/p>\n<p>Und vielen Dank, dass Du so ehrlich bist! \ud83d\ude42<\/p>\n\t\t\t\tDarf ich meine eigene Verpflegung mit auf&#8217;s Gel\u00e4nde nehmen?\n\t\t\t\t<p>Auf dem Zelt- und Campingplatz kannst Du Dich selbst verpflegen.<\/p>\n<p>Aber auf dem Festivalgel\u00e4nde selbst bitte nicht. Gerade Glasflaschen k\u00f6nnen kaputt gehen und stellen eine Gefahr f\u00fcr alle dar, die Barfu\u00df unterwegs sind &#8211; insbesondere Kinder und Hunde.<\/p>\n<p>Denk bitte dran, dass wir auch auf die Einnahmen durch Getr\u00e4nke angewiesen sind &#8211; wir freuen uns, wenn Du an unserer Bierbude auch ein Getr\u00e4nk zu Dir nimmst&#8230; ein bei uns gekauftes&#8230; <\/p>\n\t\t\t\tDarf ich meinen Hund mitbringen?\n\t\t\t\t<p>Aber selbstnat\u00fcrlich! \ud83d\ude42<\/p>\n<p>Nimm ihn jedoch auf unseren Festivalgel\u00e4nde an die Leine. Dort laufen auch eine Menge Kinder rum und wir haben gute Erfahrungen gesammelt, wenn eins von beiden angeleint ist. Bevor es zu Nachfragen kommt: Wir haben uns auf Hunde verst\u00e4ndigt.<\/p>\n\t<h3>Fragen zum Eintritt<\/h3>\n\t\t\t\tKann ich meine Eintrittskarte zur\u00fcck erstatten lassen?\n\t\t\t\t<p>Eigentlich nicht. <\/p>\n<p>Hast Du einen speziellen Grund f\u00fcr Deinen Wunsch, dann schreib uns. Vielleicht k\u00f6nnen wir Dir weiterhelfen.<\/p>\n\t\t\t\tIch bin gerade erst 16 geworden. Muss ich dann direkt Eintritt zahlen?\n\t\t\t\t<p>Ja, aber daf\u00fcr bekommst Du auch am Bierbrunnen viel mehr Auswahl geboten \ud83d\ude09<\/p>\n\t\t\t\tIch hab Freitag Eintritt gezahlt. Kann ich Samstag mit einem Aufpreis auch rein?\n\t\t\t\t<p>Ein Upgrading machen wir leider nicht.<\/p>\n<p>Freitags hast Du die Wahl, den Eintritt f\u00fcr das gesamte Wochenende zu zahlen oder nur f\u00fcr Freitag.<\/p>\n<p>Wenn Du Samstag doch noch einmal wieder kommst, bieten wir Dir f\u00fcr Samstag einen Eintrittpreis an. Aber die Differenz zwischen dem Preis von Freitag zu dem Wochenendpreis zu zahlen, ist administrativen Gr\u00fcnden nicht m\u00f6glich.<\/p>\n\t<h3>Sonstige Fragen<\/h3>\n    <form id=\"wpforms-form-1609\" data-formid=\"1609\" method=\"post\" enctype=\"multipart\/form-data\" action=\"\/?page_id=319&#038;fl_builder\" data-token=\"efc0226e898a3476fbd9c58394d6cf83\" data-token-time=\"1721316854\">Frage stellenBitte aktiviere JavaScript in deinem Browser, um dieses Formular fertigzustellen.<label for=\"wpforms-1609-field_0\">Dein Name *<\/label><input type=\"text\" id=\"wpforms-1609-field_0\" name=\"wpforms[fields][0]\" required\/>Wie d\u00fcrfen wir Dich nennen?<label for=\"wpforms-1609-field_1\">Deine E-Mail *<\/label><input type=\"email\" id=\"wpforms-1609-field_1\" name=\"wpforms[fields][1]\" spellcheck=\"false\" required\/>Gib uns Deine Mailadresse, falls wir R\u00fcckfragen zu Deinem Anliegen haben.<label for=\"wpforms-1609-field_3\">Worum geht`s? *<\/label><select id=\"wpforms-1609-field_3\" name=\"wpforms[fields][3]\" required=\"required\"><option value=\"Anreise\">Anreise<\/option><option value=\"Zeltplatz &amp; Camping\">Zeltplatz &amp; Camping<\/option><option value=\"Festivalgel\u00e4nde\">Festivalgel\u00e4nde<\/option><option value=\"Eintritt\">Eintritt<\/option><option value=\"was anderes\">was anderes<\/option><\/select><label for=\"wpforms-1609-field_2\">Deine Frage *<\/label><textarea id=\"wpforms-1609-field_2\" name=\"wpforms[fields][2]\" required><\/textarea>Schreib Deine Frage gerne umfangreich.<!-- .wpforms-field-container --><input type=\"hidden\" name=\"wpforms[recaptcha]\" value=\"\"\/><input type=\"hidden\" name=\"wpforms[id]\" value=\"1609\"\/>\t\t\t<input type=\"hidden\"\n\t\t\t\tname=\"wpforms[nonce]\"\n\t\t\t\tvalue=\"668f2943b0\"\n\t\t\t\/>\n\t\t\t<input type=\"hidden\" name=\"page_title\" value=\"FaQ\"\/><input type=\"hidden\" name=\"page_url\" value=\"https:\/\/pellenzer-open-air-festival.de\/?page_id=319&#038;fl_builder\"\/><input type=\"hidden\" name=\"page_id\" value=\"319\"\/><input type=\"hidden\" name=\"wpforms[post_id]\" value=\"319\"\/><button type=\"submit\" name=\"wpforms[submit]\" id=\"wpforms-submit-1609\" data-alt-text=\"Wird gesendet...\" data-submit-text=\"Frage versenden\" aria-live=\"assertive\" value=\"wpforms-submit\">Frage versenden<\/button><img loading=\"lazy\" decoding=\"async\" src=\"https:\/\/pellenzer-open-air-festival.de\/wp-content\/plugins\/wpforms-lite\/assets\/images\/submit-spin.svg\" width=\"26\" height=\"26\" alt=\"Wird geladen\"\/><\/form>  <!-- .wpforms-container -->\n\t<strong>Hinweis:<\/strong> Es gab technische Probleme beim Versenden von Fragen an uns. Diese Probleme wurden behoben.<br \/>\n<strong>Solltest du in der Vergangenheit eine Frage gestellt haben und keine Antwort erhalten haben, oder die Antwort hier nicht finden, f\u00fclle die Anfrage bitte erneut aus.<\/strong>\n<strong>Entschuldige die Unannehmlichkeiten.<\/strong><br \/>\nWir arbeiten st\u00e4ndig daran, unseren Service zu verbessern.\n<strong>Vielen Dank f\u00fcr dein Verst\u00e4ndnis und deine Geduld!<\/strong>\n\t<a href=\"https:\/\/pellenzer-open-air-festival.de\/\" target=\"_self\" role=\"button\" aria-label=\"zur\u00fcck zur Startseite\" rel=\"noopener\">\n\t\t\t\t\t\tzur\u00fcck zur Startseite\n\t\t\t\t\t<\/a>\n        \t<a href=\"http:\/\/www.pegasus-plaidt.de\" target=\"_blank\" rel=\"nofollow noopener\">            \n\t\t\t\t\t\t<img decoding=\"async\" src=\"https:\/\/pellenzer-open-air-festival.de\/wp-content\/uploads\/2022\/05\/Pegasus.png\" alt=\"Pegasus\" data-no-lazy=\"1\" \/>\t\t\t\t\t\n                            <p>Pegasus<\/p>\n            <\/a>\t\t\n        \t<a href=\"https:\/\/kultursommer.de\/\" target=\"_blank\" rel=\"nofollow noopener\">            \n\t\t\t\t\t\t<img decoding=\"async\" src=\"https:\/\/pellenzer-open-air-festival.de\/wp-content\/uploads\/2022\/05\/kuso.png\" alt=\"Kuso\" data-no-lazy=\"1\" \/>\t\t\t\t\t\n                            <p>Kuso<\/p>\n            <\/a>\t\t\n        \t<a href=\"https:\/\/kulturbuero-rlp.de\/\" target=\"_blank\" rel=\"nofollow noopener\">            \n\t\t\t\t\t\t<img decoding=\"async\" src=\"https:\/\/pellenzer-open-air-festival.de\/wp-content\/uploads\/2022\/05\/kulturbuerorlp.png\" alt=\"Kulturb\u00fcro RLP\" data-no-lazy=\"1\" \/>\t\t\t\t\t\n                            <p>Kulturb\u00fcro RLP<\/p>\n            <\/a>\t\t\n        \t<a href=\"https:\/\/lag-sozkul.de\/\" target=\"_blank\" rel=\"nofollow noopener\">            \n\t\t\t\t\t\t<img decoding=\"async\" src=\"https:\/\/pellenzer-open-air-festival.de\/wp-content\/uploads\/2022\/05\/lag.png\" alt=\"LAG\" data-no-lazy=\"1\" \/>\t\t\t\t\t\n                            <p>LAG<\/p>\n            <\/a>\t\t\n        \t<a href=\"https:\/\/www.ticket-regional.de\/\" target=\"_blank\" rel=\"nofollow noopener\">            \n\t\t\t\t\t\t<img decoding=\"async\" src=\"https:\/\/pellenzer-open-air-festival.de\/wp-content\/uploads\/2022\/05\/ticket-regional.png\" alt=\"Ticket Regional\" data-no-lazy=\"1\" \/>\t\t\t\t\t\n                            <p>Ticket Regional<\/p>\n            <\/a>\t\t\n        \t<a href=\"https:\/\/www.bitburger.de\/\" target=\"_blank\" rel=\"nofollow noopener\">            \n\t\t\t\t\t\t<img decoding=\"async\" src=\"https:\/\/pellenzer-open-air-festival.de\/wp-content\/uploads\/2022\/05\/bit-2.png\" alt=\"Bitburger\" data-no-lazy=\"1\" \/>\t\t\t\t\t\n                            <p>Bitburger<\/p>\n            <\/a>\t\t\n        \t<a href=\"https:\/\/afri.de\/\" target=\"_blank\" rel=\"nofollow noopener\">            \n\t\t\t\t\t\t<img decoding=\"async\" src=\"https:\/\/pellenzer-open-air-festival.de\/wp-content\/uploads\/2022\/05\/afri-1.png\" alt=\"Afri\" data-no-lazy=\"1\" \/>\t\t\t\t\t\n                            <p>Afri<\/p>\n            <\/a>\t\t\n        \t<a href=\"https:\/\/www.rhodius.de\/\" target=\"_blank\" rel=\"nofollow noopener\">            \n\t\t\t\t\t\t<img decoding=\"async\" src=\"https:\/\/pellenzer-open-air-festival.de\/wp-content\/uploads\/2022\/05\/rhodius.png\" alt=\"Rhodius\" data-no-lazy=\"1\" \/>\t\t\t\t\t\n                            <p>Rhodius<\/p>\n            <\/a>\t\t\n        \t<a href=\"https:\/\/www.getraenke-klein.info\/\" target=\"_blank\" rel=\"nofollow noopener\">            \n\t\t\t\t\t\t<img decoding=\"async\" src=\"https:\/\/pellenzer-open-air-festival.de\/wp-content\/uploads\/2022\/05\/klein-1.png\" alt=\"Klein\" data-no-lazy=\"1\" \/>\t\t\t\t\t\n                            <p>Klein<\/p>\n            <\/a>\t\t\n        \t<a href=\"https:\/\/www.kmevent.de\/\" target=\"_blank\" rel=\"nofollow noopener\">            \n\t\t\t\t\t\t<img decoding=\"async\" src=\"https:\/\/pellenzer-open-air-festival.de\/wp-content\/uploads\/2022\/05\/km.png\" alt=\"KM\" data-no-lazy=\"1\" \/>\t\t\t\t\t\n                            <p>KM<\/p>\n            <\/a>\t\t\n        \t<a href=\"http:\/\/secthor5.de\/\" target=\"_blank\" rel=\"nofollow noopener\">            \n\t\t\t\t\t\t<img decoding=\"async\" src=\"https:\/\/pellenzer-open-air-festival.de\/wp-content\/uploads\/2022\/05\/secthor.png\" alt=\"Secthor5\" data-no-lazy=\"1\" \/>\t\t\t\t\t\n                            <p>Secthor5<\/p>\n            <\/a>\t\t\n        \t<a href=\"https:\/\/thekending.de\/\" target=\"_blank\" rel=\"nofollow noopener\">            \n\t\t\t\t\t\t<img decoding=\"async\" src=\"https:\/\/pellenzer-open-air-festival.de\/wp-content\/uploads\/2022\/05\/kending.png\" alt=\"Kending\" data-no-lazy=\"1\" \/>\t\t\t\t\t\n                            <p>Kending<\/p>\n            <\/a>\t\t\n\t\t\t<button>Next<\/button>\n\t\t<button>Previous<\/button>\n\t<p><strong>Rechtliches<\/strong><\/p>\n<a href=\"https:\/\/pellenzer-open-air-festival.de\/impressum\/\">Impressum<\/a><br \/>\n<a href=\"https:\/\/pellenzer-open-air-festival.de\/datenschutzerklaerung\/\">Datenschutz<\/a>\n\t<p><strong>Kontakt<\/strong><\/p>\n<a href=\"https:\/\/pellenzer-open-air-festival.de\/kontakt\/\">Bewerbung &amp; Unterst\u00fctzung<\/a><br \/>\n<a href=\"https:\/\/pellenzer-open-air-festival.de\/jobs\/\">Jobs<\/a>\n\t<p><strong>Presse und Mitarbeiter<\/strong><\/p>\n<a href=\"https:\/\/pellenzer-open-air-festival.de\/presse\/\">Logos, Fotos &amp; Texte<\/a><br \/>\n<a href=\"https:\/\/intern.pellenzer-open-air-festival.de\/\" target=\"_blank\" rel=\"noopener\">Interner Bereich<\/a>\n\t<a href=\"http:\/\/www.pegasus-plaidt.de\" target=\"_blank\" rel=\"noopener\">Das Pellenzer Open Air Festival ist eine Veranstaltung des<br \/>\nPegasus e.V., Verein f\u00fcr Kunst, Kultur und Jugend<\/a>\n\u00c4nderungen, Irrt\u00fcmer und alle Rechte vorbehalten.<br \/>\nSpielzeiten k\u00f6nnen sich kurzfristig noch \u00e4ndern.\n\n","protected":false},"excerpt":{"rendered":"<p>38th Pellenzer Open Air Festival August 18th - 20th, 2023 Get your tickets now! FaQ - Frequently asked questions Questions about arrival When can I arrive? Our campsite is open to visitors from Thursday afternoon and on Wednesday our campsite is already open and you can arrive! You can find out more about this here. Can I travel by\u2026<\/p>","protected":false},"author":1,"featured_media":48,"parent":0,"menu_order":0,"comment_status":"closed","ping_status":"closed","template":"tpl-no-header-footer.php","meta":{"footnotes":""},"class_list":["post-319","page","type-page","status-publish","has-post-thumbnail","hentry"],"yoast_head":"<!-- This site is optimized with the Yoast SEO plugin v27.3 - https:\/\/yoast.com\/product\/yoast-seo-wordpress\/ -->\n<title>FaQ | Pellenzer Open Air Festival<\/title>\n<meta name=\"description\" content=\"Wo soll ich..., wann kann ich... - oder muss ich sogar...? Hier gibt es Antworten auf die meisten Fragen zum Pellenzer Open Air Festival.\" \/>\n<meta name=\"robots\" content=\"index, follow, max-snippet:-1, max-image-preview:large, max-video-preview:-1\" \/>\n<link rel=\"canonical\" href=\"https:\/\/pellenzer-open-air-festival.de\/en\/faq\/\" \/>\n<meta property=\"og:locale\" content=\"en_US\" \/>\n<meta property=\"og:type\" content=\"article\" \/>\n<meta property=\"og:title\" content=\"FaQ | Pellenzer Open Air Festival\" \/>\n<meta property=\"og:description\" content=\"Wo soll ich..., wann kann ich... - oder muss ich sogar...? Hier gibt es Antworten auf die meisten Fragen zum Pellenzer Open Air Festival.\" \/>\n<meta property=\"og:url\" content=\"https:\/\/pellenzer-open-air-festival.de\/en\/faq\/\" \/>\n<meta property=\"og:site_name\" content=\"Pellenzer Open Air Festival\" \/>\n<meta property=\"article:publisher\" content=\"https:\/\/www.facebook.com\/pellenzer\" \/>\n<meta property=\"article:modified_time\" content=\"2024-07-18T15:34:14+00:00\" \/>\n<meta property=\"og:image\" content=\"https:\/\/pellenzer-open-air-festival.de\/wp-content\/uploads\/2022\/05\/Pelle_icon_512x512.jpg\" \/>\n\t<meta property=\"og:image:width\" content=\"512\" \/>\n\t<meta property=\"og:image:height\" content=\"512\" \/>\n\t<meta property=\"og:image:type\" content=\"image\/jpeg\" \/>\n<meta name=\"twitter:card\" content=\"summary_large_image\" \/>\n<meta name=\"twitter:label1\" content=\"Est. reading time\" \/>\n\t<meta name=\"twitter:data1\" content=\"4 minutes\" \/>\n<script type=\"application\/ld+json\" class=\"yoast-schema-graph\">{\"@context\":\"https:\\\/\\\/schema.org\",\"@graph\":[{\"@type\":\"WebPage\",\"@id\":\"https:\\\/\\\/pellenzer-open-air-festival.de\\\/faq\\\/\",\"url\":\"https:\\\/\\\/pellenzer-open-air-festival.de\\\/faq\\\/\",\"name\":\"FaQ | Pellenzer Open Air Festival\",\"isPartOf\":{\"@id\":\"https:\\\/\\\/pellenzer-open-air-festival.de\\\/#website\"},\"primaryImageOfPage\":{\"@id\":\"https:\\\/\\\/pellenzer-open-air-festival.de\\\/faq\\\/#primaryimage\"},\"image\":{\"@id\":\"https:\\\/\\\/pellenzer-open-air-festival.de\\\/faq\\\/#primaryimage\"},\"thumbnailUrl\":\"https:\\\/\\\/pellenzer-open-air-festival.de\\\/wp-content\\\/uploads\\\/2022\\\/05\\\/Pelle_icon_512x512.jpg\",\"datePublished\":\"2022-06-05T12:23:48+00:00\",\"dateModified\":\"2024-07-18T15:34:14+00:00\",\"description\":\"Wo soll ich..., wann kann ich... - oder muss ich sogar...? Hier gibt es Antworten auf die meisten Fragen zum Pellenzer Open Air Festival.\",\"breadcrumb\":{\"@id\":\"https:\\\/\\\/pellenzer-open-air-festival.de\\\/faq\\\/#breadcrumb\"},\"inLanguage\":\"en-US\",\"potentialAction\":[{\"@type\":\"ReadAction\",\"target\":[\"https:\\\/\\\/pellenzer-open-air-festival.de\\\/faq\\\/\"]}]},{\"@type\":\"ImageObject\",\"inLanguage\":\"en-US\",\"@id\":\"https:\\\/\\\/pellenzer-open-air-festival.de\\\/faq\\\/#primaryimage\",\"url\":\"https:\\\/\\\/pellenzer-open-air-festival.de\\\/wp-content\\\/uploads\\\/2022\\\/05\\\/Pelle_icon_512x512.jpg\",\"contentUrl\":\"https:\\\/\\\/pellenzer-open-air-festival.de\\\/wp-content\\\/uploads\\\/2022\\\/05\\\/Pelle_icon_512x512.jpg\",\"width\":512,\"height\":512,\"caption\":\"PELLE Webicon jpg\"},{\"@type\":\"BreadcrumbList\",\"@id\":\"https:\\\/\\\/pellenzer-open-air-festival.de\\\/faq\\\/#breadcrumb\",\"itemListElement\":[{\"@type\":\"ListItem\",\"position\":1,\"name\":\"Startseite\",\"item\":\"https:\\\/\\\/pellenzer-open-air-festival.de\\\/\"},{\"@type\":\"ListItem\",\"position\":2,\"name\":\"FaQ\"}]},{\"@type\":\"WebSite\",\"@id\":\"https:\\\/\\\/pellenzer-open-air-festival.de\\\/#website\",\"url\":\"https:\\\/\\\/pellenzer-open-air-festival.de\\\/\",\"name\":\"Pellenzer Open Air Festival\",\"description\":\"Pellenzer\",\"publisher\":{\"@id\":\"https:\\\/\\\/pellenzer-open-air-festival.de\\\/#organization\"},\"potentialAction\":[{\"@type\":\"SearchAction\",\"target\":{\"@type\":\"EntryPoint\",\"urlTemplate\":\"https:\\\/\\\/pellenzer-open-air-festival.de\\\/?s={search_term_string}\"},\"query-input\":{\"@type\":\"PropertyValueSpecification\",\"valueRequired\":true,\"valueName\":\"search_term_string\"}}],\"inLanguage\":\"en-US\"},{\"@type\":\"Organization\",\"@id\":\"https:\\\/\\\/pellenzer-open-air-festival.de\\\/#organization\",\"name\":\"Pellenzer Open Air Festival\",\"url\":\"https:\\\/\\\/pellenzer-open-air-festival.de\\\/\",\"logo\":{\"@type\":\"ImageObject\",\"inLanguage\":\"en-US\",\"@id\":\"https:\\\/\\\/pellenzer-open-air-festival.de\\\/#\\\/schema\\\/logo\\\/image\\\/\",\"url\":\"https:\\\/\\\/pellenzer-open-air-festival.de\\\/wp-content\\\/uploads\\\/2022\\\/05\\\/Pelle.png\",\"contentUrl\":\"https:\\\/\\\/pellenzer-open-air-festival.de\\\/wp-content\\\/uploads\\\/2022\\\/05\\\/Pelle.png\",\"width\":1920,\"height\":1953,\"caption\":\"Pellenzer Open Air Festival\"},\"image\":{\"@id\":\"https:\\\/\\\/pellenzer-open-air-festival.de\\\/#\\\/schema\\\/logo\\\/image\\\/\"},\"sameAs\":[\"https:\\\/\\\/www.facebook.com\\\/pellenzer\",\"https:\\\/\\\/www.instagram.com\\\/pelledelenzer\"]}]}<\/script>\n<!-- \/ Yoast SEO plugin. -->","yoast_head_json":{"title":"FAQ | Pellenzer Open Air Festival","description":"Where should I..., when can I... - or do I even have to...? Here you&#039;ll find answers to most questions about the Pellenzer Open Air Festival.","robots":{"index":"index","follow":"follow","max-snippet":"max-snippet:-1","max-image-preview":"max-image-preview:large","max-video-preview":"max-video-preview:-1"},"canonical":"https:\/\/pellenzer-open-air-festival.de\/en\/faq\/","og_locale":"en_US","og_type":"article","og_title":"FaQ | Pellenzer Open Air Festival","og_description":"Wo soll ich..., wann kann ich... - oder muss ich sogar...? Hier gibt es Antworten auf die meisten Fragen zum Pellenzer Open Air Festival.","og_url":"https:\/\/pellenzer-open-air-festival.de\/en\/faq\/","og_site_name":"Pellenzer Open Air Festival","article_publisher":"https:\/\/www.facebook.com\/pellenzer","article_modified_time":"2024-07-18T15:34:14+00:00","og_image":[{"width":512,"height":512,"url":"https:\/\/pellenzer-open-air-festival.de\/wp-content\/uploads\/2022\/05\/Pelle_icon_512x512.jpg","type":"image\/jpeg"}],"twitter_card":"summary_large_image","twitter_misc":{"Est. reading time":"4 minutes"},"schema":{"@context":"https:\/\/schema.org","@graph":[{"@type":"WebPage","@id":"https:\/\/pellenzer-open-air-festival.de\/faq\/","url":"https:\/\/pellenzer-open-air-festival.de\/faq\/","name":"FAQ | Pellenzer Open Air Festival","isPartOf":{"@id":"https:\/\/pellenzer-open-air-festival.de\/#website"},"primaryImageOfPage":{"@id":"https:\/\/pellenzer-open-air-festival.de\/faq\/#primaryimage"},"image":{"@id":"https:\/\/pellenzer-open-air-festival.de\/faq\/#primaryimage"},"thumbnailUrl":"https:\/\/pellenzer-open-air-festival.de\/wp-content\/uploads\/2022\/05\/Pelle_icon_512x512.jpg","datePublished":"2022-06-05T12:23:48+00:00","dateModified":"2024-07-18T15:34:14+00:00","description":"Where should I..., when can I... - or do I even have to...? Here you&#039;ll find answers to most questions about the Pellenzer Open Air Festival.","breadcrumb":{"@id":"https:\/\/pellenzer-open-air-festival.de\/faq\/#breadcrumb"},"inLanguage":"en-US","potentialAction":[{"@type":"ReadAction","target":["https:\/\/pellenzer-open-air-festival.de\/faq\/"]}]},{"@type":"ImageObject","inLanguage":"en-US","@id":"https:\/\/pellenzer-open-air-festival.de\/faq\/#primaryimage","url":"https:\/\/pellenzer-open-air-festival.de\/wp-content\/uploads\/2022\/05\/Pelle_icon_512x512.jpg","contentUrl":"https:\/\/pellenzer-open-air-festival.de\/wp-content\/uploads\/2022\/05\/Pelle_icon_512x512.jpg","width":512,"height":512,"caption":"PELLE Webicon jpg"},{"@type":"BreadcrumbList","@id":"https:\/\/pellenzer-open-air-festival.de\/faq\/#breadcrumb","itemListElement":[{"@type":"ListItem","position":1,"name":"Startseite","item":"https:\/\/pellenzer-open-air-festival.de\/"},{"@type":"ListItem","position":2,"name":"FaQ"}]},{"@type":"WebSite","@id":"https:\/\/pellenzer-open-air-festival.de\/#website","url":"https:\/\/pellenzer-open-air-festival.de\/","name":"Pellenzer Open Air Festival","description":"Pellenzer","publisher":{"@id":"https:\/\/pellenzer-open-air-festival.de\/#organization"},"potentialAction":[{"@type":"SearchAction","target":{"@type":"EntryPoint","urlTemplate":"https:\/\/pellenzer-open-air-festival.de\/?s={search_term_string}"},"query-input":{"@type":"PropertyValueSpecification","valueRequired":true,"valueName":"search_term_string"}}],"inLanguage":"en-US"},{"@type":"Organization","@id":"https:\/\/pellenzer-open-air-festival.de\/#organization","name":"Pellenzer Open Air Festival","url":"https:\/\/pellenzer-open-air-festival.de\/","logo":{"@type":"ImageObject","inLanguage":"en-US","@id":"https:\/\/pellenzer-open-air-festival.de\/#\/schema\/logo\/image\/","url":"https:\/\/pellenzer-open-air-festival.de\/wp-content\/uploads\/2022\/05\/Pelle.png","contentUrl":"https:\/\/pellenzer-open-air-festival.de\/wp-content\/uploads\/2022\/05\/Pelle.png","width":1920,"height":1953,"caption":"Pellenzer Open Air Festival"},"image":{"@id":"https:\/\/pellenzer-open-air-festival.de\/#\/schema\/logo\/image\/"},"sameAs":["https:\/\/www.facebook.com\/pellenzer","https:\/\/www.instagram.com\/pelledelenzer"]}]}},"_links":{"self":[{"href":"https:\/\/pellenzer-open-air-festival.de\/en\/wp-json\/wp\/v2\/pages\/319","targetHints":{"allow":["GET"]}}],"collection":[{"href":"https:\/\/pellenzer-open-air-festival.de\/en\/wp-json\/wp\/v2\/pages"}],"about":[{"href":"https:\/\/pellenzer-open-air-festival.de\/en\/wp-json\/wp\/v2\/types\/page"}],"author":[{"embeddable":true,"href":"https:\/\/pellenzer-open-air-festival.de\/en\/wp-json\/wp\/v2\/users\/1"}],"replies":[{"embeddable":true,"href":"https:\/\/pellenzer-open-air-festival.de\/en\/wp-json\/wp\/v2\/comments?post=319"}],"version-history":[{"count":41,"href":"https:\/\/pellenzer-open-air-festival.de\/en\/wp-json\/wp\/v2\/pages\/319\/revisions"}],"predecessor-version":[{"id":2591,"href":"https:\/\/pellenzer-open-air-festival.de\/en\/wp-json\/wp\/v2\/pages\/319\/revisions\/2591"}],"wp:featuredmedia":[{"embeddable":true,"href":"https:\/\/pellenzer-open-air-festival.de\/en\/wp-json\/wp\/v2\/media\/48"}],"wp:attachment":[{"href":"https:\/\/pellenzer-open-air-festival.de\/en\/wp-json\/wp\/v2\/media?parent=319"}],"curies":[{"name":"wp","href":"https:\/\/api.w.org\/{rel}","templated":true}]}}