{"id":980,"date":"2022-06-25T20:18:50","date_gmt":"2022-06-25T18:18:50","guid":{"rendered":"https:\/\/pellenzer-open-air-festival.de\/?page_id=980"},"modified":"2023-02-01T21:16:19","modified_gmt":"2023-02-01T20:16:19","slug":"jobs","status":"publish","type":"page","link":"https:\/\/pellenzer-open-air-festival.de\/en\/jobs\/","title":{"rendered":"jobs"},"content":{"rendered":"\n<p>Jobs<\/p>\n\t<p>Auf dem Pellenzer haben wir jede Menge Aufgaben zu vergeben.<\/p>\n<p>Da der Pegasus e.V. ein gemeinn\u00fctziger Verein ist, sind viele unserer Aufgaben ehrenamtlicher Natur. Jedoch verg\u00fcten wir einige Bereiche mit einem pauschalen Honorar.<\/p>\n<p>Grunds\u00e4tzlich ist es wichtig, dass Du Lust auf den Job hast &#8211; ihn also aus idealistischen Gr\u00fcnden aus\u00fcben m\u00f6chtest.<\/p>\n<p>Unabh\u00e4ngig, ob f\u00fcr einen Job ein Honor gezahlt wird oder nicht, bekommst Du von uns eine angemessene Verpflegung.<\/p>\n<p>Du f\u00fchlst Dich jetzt schon angesprochen, ohne, dass Du wei\u00dft, worum es genau geht? Perfekt! Dann bl\u00e4ttere mal durch &#8211; vielleicht ist etwas Aufregendes f\u00fcr Dich dabei!<\/p>\n\t\t\t\tMaskottchen Pelle de Lenzer\n<figure>\n<figure><img decoding=\"async\" loading=\"lazy\" width=\"1007\" height=\"1024\" data-id=\"223\" src=\"https:\/\/pellenzer-open-air-festival.de\/wp-content\/uploads\/2022\/05\/Pelle-1007x1024.png\" alt=\"Pelle de Lenzer (Motivbild)\" srcset=\"https:\/\/pellenzer-open-air-festival.de\/wp-content\/uploads\/2022\/05\/Pelle-1007x1024.png 1007w, https:\/\/pellenzer-open-air-festival.de\/wp-content\/uploads\/2022\/05\/Pelle-295x300.png 295w, https:\/\/pellenzer-open-air-festival.de\/wp-content\/uploads\/2022\/05\/Pelle-768x781.png 768w, https:\/\/pellenzer-open-air-festival.de\/wp-content\/uploads\/2022\/05\/Pelle-1510x1536.png 1510w, https:\/\/pellenzer-open-air-festival.de\/wp-content\/uploads\/2022\/05\/Pelle.png 1920w\" sizes=\"auto, (max-width: 1007px) 100vw, 1007px\"><figcaption>Motivbild<\/figcaption><\/figure>\n<figure><img decoding=\"async\" loading=\"lazy\" width=\"682\" height=\"1024\" data-id=\"1033\" src=\"https:\/\/pellenzer-open-air-festival.de\/wp-content\/uploads\/2022\/06\/D4S_0316-682x1024.jpg\" alt=\"Pelle Live\" srcset=\"https:\/\/pellenzer-open-air-festival.de\/wp-content\/uploads\/2022\/06\/D4S_0316-682x1024.jpg 682w, https:\/\/pellenzer-open-air-festival.de\/wp-content\/uploads\/2022\/06\/D4S_0316-200x300.jpg 200w, https:\/\/pellenzer-open-air-festival.de\/wp-content\/uploads\/2022\/06\/D4S_0316-768x1154.jpg 768w, https:\/\/pellenzer-open-air-festival.de\/wp-content\/uploads\/2022\/06\/D4S_0316-1022x1536.jpg 1022w, https:\/\/pellenzer-open-air-festival.de\/wp-content\/uploads\/2022\/06\/D4S_0316-1363x2048.jpg 1363w, https:\/\/pellenzer-open-air-festival.de\/wp-content\/uploads\/2022\/06\/D4S_0316-scaled.jpg 1704w\" sizes=\"auto, (max-width: 682px) 100vw, 682px\"><figcaption>Live<\/figcaption><\/figure>\n<\/figure>\n<p>Du hast ein schauspielerisches Talente, aber reden ist nicht Deine St\u00e4rke?<\/p>\n<p>Trotz eines filigranen K\u00f6rpers kannst Du Dich rhythmisch richtig gut bewegen?<\/p>\n<p>Du tr\u00e4umst davon, in ein Superheldenkost\u00fcm zu steigen und die Welt zu retten?<\/p>\n<p>Ja, perfekt! Genau das suchen wir!<\/p>\n<p>Pelle ist stumm. Pelle hat eine Gitarre aus Holz, leider ohne Saiten. Pelle steht selbst gerne auf der B\u00fchne, mitten in einer Live-Band, zu der er eigentlich gar nicht geh\u00f6rt. Aber das st\u00f6rt Pelle \u00fcberhaupt gar nicht. Pelle ist einfach gerne da und verbreitet gute Laune.<\/p>\n<hr>\n<p><em>Zeiten<\/em><\/p>\n<p><strong>Samstag, 18:00 bis ca. Mitternacht<\/strong><\/p>\n<p>gerne auch Freitag und\/oder Sonntag<\/p>\n<hr>\n<p><em>Honorar<\/em><\/p>\n<p><strong>60,- Euro<\/strong> je Tag, plus ein \u00fcppiges Catering<\/p>\n<hr>\n<form id=\"wpforms-form-997\" data-formid=\"997\" method=\"post\" enctype=\"multipart\/form-data\" action=\"\/?page_id=980&amp;fl_builder\" data-token=\"e033a85e5c8a87262b72e1133eb19879\">Bewerbung Maskottchen (m\/w\/d)Bitte aktiviere JavaScript in deinem Browser, um dieses Formular fertigzustellen.<label for=\"wpforms-997-field_1\">Dein Name *<\/label><input type=\"text\" id=\"wpforms-997-field_1\" name=\"wpforms[fields][1]\" required=\"\">Wie d\u00fcrfen wir Dich nennen?<label for=\"wpforms-997-field_9\">Telefon<\/label><input type=\"text\" id=\"wpforms-997-field_9\" name=\"wpforms[fields][9]\"><label for=\"wpforms-997-field_6\">E-Mail *<\/label><input type=\"email\" id=\"wpforms-997-field_6\" name=\"wpforms[fields][6]\" required=\"\"><label for=\"wpforms-997-field_3\">Dein Alter *<\/label><input type=\"number\" pattern=\"d*\" id=\"wpforms-997-field_3\" name=\"wpforms[fields][3]\" required=\"\">Nur, damit wir Dich grob einsch\u00e4tzen k\u00f6nnen&#8230;<label for=\"wpforms-997-field_4\">Vita und Referenzen *<\/label><textarea id=\"wpforms-997-field_4\" name=\"wpforms[fields][4]\" required=\"\"><\/textarea>Erz\u00e4hle uns etwas von Dir, warum Du der, die oder das Richtige f\u00fcr den Job und f\u00fcr uns bist. Hast Du B\u00fchnenerfahrung, dann schreib sie mit dazu.<label for=\"wpforms-997-field_7\">Datenschutz *<\/label><ul id=\"wpforms-997-field_7\"><li><input type=\"checkbox\" id=\"wpforms-997-field_7_1\" name=\"wpforms[fields][7][]\" value=\"Ich stimme der internen Verwendung meiner Daten zu.\" required=\"\"><label for=\"wpforms-997-field_7_1\">Ich stimme der internen Verwendung meiner Daten zu.<\/label><\/li><\/ul>Weitere Informationen zu unserem Datenschutz findest Du unter\nhttps:\/\/pellenzer-open-air-festival.de\/datenschutzerklaerung\/<input type=\"hidden\" name=\"wpforms[recaptcha]\" value=\"\"><input type=\"hidden\" name=\"wpforms[id]\" value=\"997\">\t\t\t<input type=\"hidden\" name=\"wpforms[nonce]\" value=\"cc7f2665b2\">\n\t\t\t<input type=\"hidden\" name=\"wpforms[author]\" value=\"0\"><input type=\"hidden\" name=\"wpforms[post_id]\" value=\"980\"><button type=\"submit\" name=\"wpforms[submit]\" id=\"wpforms-submit-997\" data-alt-text=\"Senden\u2026\" data-submit-text=\"Absenden\" aria-live=\"assertive\" value=\"wpforms-submit\">Absenden<\/button><img loading=\"lazy\" decoding=\"async\" src=\"https:\/\/pellenzer-open-air-festival.de\/wp-content\/plugins\/wpforms-lite\/assets\/images\/submit-spin.svg\" width=\"26\" height=\"26\" alt=\"Wird geladen\"><\/form>  <!-- .wpforms-container -->\t\t\t\n\t\t\t\tAnsager, Ansagerin oder Ansagerer\n<p>Der Moderator ist ein Job zu dem man geboren sein muss! Ein von Geburt an begleitendes nat\u00fcrliches Showtalent, welches erlaubt, mit dem Publikum kurzweilig zu tanzen, gepaart mit etwas Karla Kolumna im Blut, um die richtigen Fragen vorab unseren K\u00fcnstlern zu stellen, und alles zusammen in wenigen Minuten auf der B\u00fchne zu verbalisieren und die Menge zu fesseln.<\/p>\n<p>Ach, Du bist das? Dann schau mal, ob Du Zeit hast und Dir der Rest auch zusagt! Und dann stell Dich uns kurz vor! \ud83d\ude42<\/p>\n<hr>\n<p><em>Zeiten<\/em><\/p>\n<p><strong>Freitag, 18:00 Uhr bis ca. Mitternacht<\/strong><\/p>\n<p><strong>Samstag, ca. 13:00 Uhr bis ca. Mitternacht<\/strong><\/p>\n<p><strong>Sonntag, 10:00 Uhr bis 19:00 Uhr<\/strong><\/p>\n<hr>\n<p><em>Honorar<\/em><\/p>\n<p><strong>300,- Euro<\/strong> pauschal, plus umfangreiche Verpflegung an allen Tagen<\/p>\n<hr>\n<form id=\"wpforms-form-990\" data-formid=\"990\" method=\"post\" enctype=\"multipart\/form-data\" action=\"\/?page_id=980&amp;fl_builder\" data-token=\"ec4cc72c6f74e50b01f10e178fa0968b\">Bewerbung Ansager (m\/w\/d)Bitte aktiviere JavaScript in deinem Browser, um dieses Formular fertigzustellen.<label for=\"wpforms-990-field_1\">Dein Name *<\/label><input type=\"text\" id=\"wpforms-990-field_1\" name=\"wpforms[fields][1]\" required=\"\">Wie d\u00fcrfen wir Dich nennen?<label for=\"wpforms-990-field_8\">Telefon<\/label><input type=\"text\" id=\"wpforms-990-field_8\" name=\"wpforms[fields][8]\"><label for=\"wpforms-990-field_6\">E-Mail *<\/label><input type=\"email\" id=\"wpforms-990-field_6\" name=\"wpforms[fields][6]\" required=\"\"><label for=\"wpforms-990-field_3\">Dein Alter *<\/label><input type=\"number\" pattern=\"d*\" id=\"wpforms-990-field_3\" name=\"wpforms[fields][3]\" required=\"\">Nur, damit wir Dich grob einsch\u00e4tzen k\u00f6nnen&#8230;<label for=\"wpforms-990-field_4\">Vita und Referenzen *<\/label><textarea id=\"wpforms-990-field_4\" name=\"wpforms[fields][4]\" required=\"\"><\/textarea>Erz\u00e4hle uns etwas von Dir, warum Du der, die oder das Richtige f\u00fcr den Job und f\u00fcr uns bist. Hast Du B\u00fchnenerfahrung, dann schreib sie mit dazu.<label for=\"wpforms-990-field_7\">Datenschutz *<\/label><ul id=\"wpforms-990-field_7\"><li><input type=\"checkbox\" id=\"wpforms-990-field_7_1\" name=\"wpforms[fields][7][]\" value=\"Ich stimme der internen Verwendung meiner Daten zu.\" required=\"\"><label for=\"wpforms-990-field_7_1\">Ich stimme der internen Verwendung meiner Daten zu.<\/label><\/li><\/ul>Weitere Informationen zu unserem Datenschutz findest Du unter\nhttps:\/\/pellenzer-open-air-festival.de\/datenschutzerklaerung\/<input type=\"hidden\" name=\"wpforms[recaptcha]\" value=\"\"><input type=\"hidden\" name=\"wpforms[id]\" value=\"990\">\t\t\t<input type=\"hidden\" name=\"wpforms[nonce]\" value=\"6d68c6edd3\">\n\t\t\t<input type=\"hidden\" name=\"wpforms[author]\" value=\"0\"><input type=\"hidden\" name=\"wpforms[post_id]\" value=\"980\"><button type=\"submit\" name=\"wpforms[submit]\" id=\"wpforms-submit-990\" data-alt-text=\"Senden\u2026\" data-submit-text=\"Absenden\" aria-live=\"assertive\" value=\"wpforms-submit\">Absenden<\/button><img loading=\"lazy\" decoding=\"async\" src=\"https:\/\/pellenzer-open-air-festival.de\/wp-content\/plugins\/wpforms-lite\/assets\/images\/submit-spin.svg\" width=\"26\" height=\"26\" alt=\"Wird geladen\"><\/form>  <!-- .wpforms-container -->\t\t\t\n                    <a href=\"http:\/\/www.pegasus-plaidt.de\" target=\"_blank\" rel=\"nofollow noopener\">\n\t\t\t\t\t\t\t<img decoding=\"async\" src=\"https:\/\/pellenzer-open-air-festival.de\/wp-content\/uploads\/2022\/05\/Pegasus.png\" alt=\"Pegasus\" data-no-lazy=\"1\">\n                            \n                                Pegasus                            \n                            <\/a>\n                    <a href=\"https:\/\/kultursommer.de\/\" target=\"_blank\" rel=\"nofollow noopener\">\n\t\t\t\t\t\t\t<img decoding=\"async\" src=\"https:\/\/pellenzer-open-air-festival.de\/wp-content\/uploads\/2022\/05\/kuso.png\" alt=\"Kuso\" data-no-lazy=\"1\">\n                            \n                                Kuso                            \n                            <\/a>\n                    <a href=\"https:\/\/kulturbuero-rlp.de\/\" target=\"_blank\" rel=\"nofollow noopener\">\n\t\t\t\t\t\t\t<img decoding=\"async\" src=\"https:\/\/pellenzer-open-air-festival.de\/wp-content\/uploads\/2022\/05\/kulturbuerorlp.png\" alt=\"Kulturb\u00fcro RLP\" data-no-lazy=\"1\">\n                            \n                                Kulturb\u00fcro RLP                            \n                            <\/a>\n                    <a href=\"https:\/\/lag-sozkul.de\/\" target=\"_blank\" rel=\"nofollow noopener\">\n\t\t\t\t\t\t\t<img decoding=\"async\" src=\"https:\/\/pellenzer-open-air-festival.de\/wp-content\/uploads\/2022\/05\/lag.png\" alt=\"LAG\" data-no-lazy=\"1\">\n                            \n                                LAG                            \n                            <\/a>\n                    <a href=\"https:\/\/www.ticket-regional.de\/\" target=\"_blank\" rel=\"nofollow noopener\">\n\t\t\t\t\t\t\t<img decoding=\"async\" src=\"https:\/\/pellenzer-open-air-festival.de\/wp-content\/uploads\/2022\/05\/ticket-regional.png\" alt=\"Ticket Regional\" data-no-lazy=\"1\">\n                            \n                                Ticket Regional                            \n                            <\/a>\n                    <a href=\"https:\/\/www.bitburger.de\/\" target=\"_blank\" rel=\"nofollow noopener\">\n\t\t\t\t\t\t\t<img decoding=\"async\" src=\"https:\/\/pellenzer-open-air-festival.de\/wp-content\/uploads\/2022\/05\/bit-2.png\" alt=\"Bitburger\" data-no-lazy=\"1\">\n                            \n                                Bitburger                            \n                            <\/a>\n                    <a href=\"https:\/\/afri.de\/\" target=\"_blank\" rel=\"nofollow noopener\">\n\t\t\t\t\t\t\t<img decoding=\"async\" src=\"https:\/\/pellenzer-open-air-festival.de\/wp-content\/uploads\/2022\/05\/afri-1.png\" alt=\"Afri\" data-no-lazy=\"1\">\n                            \n                                Afri                            \n                            <\/a>\n                    <a href=\"https:\/\/www.rhodius.de\/\" target=\"_blank\" rel=\"nofollow noopener\">\n\t\t\t\t\t\t\t<img decoding=\"async\" src=\"https:\/\/pellenzer-open-air-festival.de\/wp-content\/uploads\/2022\/05\/rhodius.png\" alt=\"Rhodius\" data-no-lazy=\"1\">\n                            \n                                Rhodius                            \n                            <\/a>\n                    <a href=\"https:\/\/www.getraenke-klein.info\/\" target=\"_blank\" rel=\"nofollow noopener\">\n\t\t\t\t\t\t\t<img decoding=\"async\" src=\"https:\/\/pellenzer-open-air-festival.de\/wp-content\/uploads\/2022\/05\/klein-1.png\" alt=\"Klein\" data-no-lazy=\"1\">\n                            \n                                Klein                            \n                            <\/a>\n                    <a href=\"https:\/\/www.kmevent.de\/\" target=\"_blank\" rel=\"nofollow noopener\">\n\t\t\t\t\t\t\t<img decoding=\"async\" src=\"https:\/\/pellenzer-open-air-festival.de\/wp-content\/uploads\/2022\/05\/km.png\" alt=\"KM\" data-no-lazy=\"1\">\n                            \n                                KM                            \n                            <\/a>\n                    <a href=\"http:\/\/secthor5.de\/\" target=\"_blank\" rel=\"nofollow noopener\">\n\t\t\t\t\t\t\t<img decoding=\"async\" src=\"https:\/\/pellenzer-open-air-festival.de\/wp-content\/uploads\/2022\/05\/secthor.png\" alt=\"Secthor5\" data-no-lazy=\"1\">\n                            \n                                Secthor5                            \n                            <\/a>\n                    <a href=\"https:\/\/thekending.de\/\" target=\"_blank\" rel=\"nofollow noopener\">\n\t\t\t\t\t\t\t<img decoding=\"async\" src=\"https:\/\/pellenzer-open-air-festival.de\/wp-content\/uploads\/2022\/05\/kending.png\" alt=\"Kending\" data-no-lazy=\"1\">\n                            \n                                Kending                            \n                            <\/a>\n\t<p><strong>Rechtliches<\/strong><\/p>\n<a href=\"https:\/\/pellenzer-open-air-festival.de\/impressum\/\">Impressum<\/a><br>\n<a href=\"https:\/\/pellenzer-open-air-festival.de\/datenschutzerklaerung\/\">Datenschutz<\/a>\n\t<p><strong>Kontakt<\/strong><\/p>\n<a href=\"https:\/\/pellenzer-open-air-festival.de\/kontakt\/\">Bewerbung &amp; Unterst\u00fctzung<\/a><br>\n<a href=\"https:\/\/pellenzer-open-air-festival.de\/jobs\/\">Jobs<\/a>\n\t<p><strong>Presse und Mitarbeiter<\/strong><\/p>\n<a href=\"https:\/\/pellenzer-open-air-festival.de\/presse\/\">Logos, Fotos &amp; Texte<\/a><br>\n<a href=\"https:\/\/intern.pellenzer-open-air-festival.de\/\" target=\"_blank\" rel=\"noopener\">Interner Bereich<\/a>\n\t<a href=\"http:\/\/www.pegasus-plaidt.de\" target=\"_blank\" rel=\"noopener\">Das Pellenzer Open Air Festival ist eine Veranstaltung des<br>\nPegasus e.V., Verein f\u00fcr Kunst, Kultur und Jugend<\/a>\n\u00c4nderungen, Irrt\u00fcmer und alle Rechte vorbehalten.<br>\nSpielzeiten k\u00f6nnen sich kurzfristig noch \u00e4ndern.\n","protected":false},"excerpt":{"rendered":"<p>Jobs We have lots of tasks to give out on the Pellenzer. Since Pegasus eV is a non-profit organization, many of our tasks are of a voluntary nature. However, we pay a flat fee for some areas. Basically, it is important that you enjoy the job - that is, that you want to do it for idealistic reasons. Regardless of whether\u2026<\/p>","protected":false},"author":1,"featured_media":48,"parent":0,"menu_order":0,"comment_status":"closed","ping_status":"closed","template":"tpl-no-header-footer.php","meta":{"footnotes":""},"class_list":["post-980","page","type-page","status-publish","has-post-thumbnail","hentry"],"yoast_head":"<!-- This site is optimized with the Yoast SEO plugin v27.4 - https:\/\/yoast.com\/product\/yoast-seo-wordpress\/ -->\n<title>Jobs | Pellenzer Open Air Festival<\/title>\n<meta name=\"description\" content=\"Erfahre mehr \u00fcber die Arbeit des Pellenzers und werde Teil unseres Teams - \u00fcberwiegend durch ehrenamtliche Helfer realisiert, bieten wir auch einige wenige honorierte Jobs an.\" \/>\n<meta name=\"robots\" content=\"index, follow, max-snippet:-1, max-image-preview:large, max-video-preview:-1\" \/>\n<link rel=\"canonical\" href=\"https:\/\/pellenzer-open-air-festival.de\/en\/jobs\/\" \/>\n<meta property=\"og:locale\" content=\"en_US\" \/>\n<meta property=\"og:type\" content=\"article\" \/>\n<meta property=\"og:title\" content=\"Jobs | Pellenzer Open Air Festival\" \/>\n<meta property=\"og:description\" content=\"Erfahre mehr \u00fcber die Arbeit des Pellenzers und werde Teil unseres Teams - \u00fcberwiegend durch ehrenamtliche Helfer realisiert, bieten wir auch einige wenige honorierte Jobs an.\" \/>\n<meta property=\"og:url\" content=\"https:\/\/pellenzer-open-air-festival.de\/en\/jobs\/\" \/>\n<meta property=\"og:site_name\" content=\"Pellenzer Open Air Festival\" \/>\n<meta property=\"article:publisher\" content=\"https:\/\/www.facebook.com\/pellenzer\" \/>\n<meta property=\"article:modified_time\" content=\"2023-02-01T20:16:19+00:00\" \/>\n<meta property=\"og:image\" content=\"https:\/\/pellenzer-open-air-festival.de\/wp-content\/uploads\/2022\/05\/Pelle_icon_512x512.jpg\" \/>\n\t<meta property=\"og:image:width\" content=\"512\" \/>\n\t<meta property=\"og:image:height\" content=\"512\" \/>\n\t<meta property=\"og:image:type\" content=\"image\/jpeg\" \/>\n<meta name=\"twitter:card\" content=\"summary_large_image\" \/>\n<meta name=\"twitter:label1\" content=\"Est. reading time\" \/>\n\t<meta name=\"twitter:data1\" content=\"3 minutes\" \/>\n<script type=\"application\/ld+json\" class=\"yoast-schema-graph\">{\"@context\":\"https:\\\/\\\/schema.org\",\"@graph\":[{\"@type\":\"WebPage\",\"@id\":\"https:\\\/\\\/pellenzer-open-air-festival.de\\\/jobs\\\/\",\"url\":\"https:\\\/\\\/pellenzer-open-air-festival.de\\\/jobs\\\/\",\"name\":\"Jobs | Pellenzer Open Air Festival\",\"isPartOf\":{\"@id\":\"https:\\\/\\\/pellenzer-open-air-festival.de\\\/#website\"},\"primaryImageOfPage\":{\"@id\":\"https:\\\/\\\/pellenzer-open-air-festival.de\\\/jobs\\\/#primaryimage\"},\"image\":{\"@id\":\"https:\\\/\\\/pellenzer-open-air-festival.de\\\/jobs\\\/#primaryimage\"},\"thumbnailUrl\":\"https:\\\/\\\/pellenzer-open-air-festival.de\\\/wp-content\\\/uploads\\\/2022\\\/05\\\/Pelle_icon_512x512.jpg\",\"datePublished\":\"2022-06-25T18:18:50+00:00\",\"dateModified\":\"2023-02-01T20:16:19+00:00\",\"description\":\"Erfahre mehr \u00fcber die Arbeit des Pellenzers und werde Teil unseres Teams - \u00fcberwiegend durch ehrenamtliche Helfer realisiert, bieten wir auch einige wenige honorierte Jobs an.\",\"breadcrumb\":{\"@id\":\"https:\\\/\\\/pellenzer-open-air-festival.de\\\/jobs\\\/#breadcrumb\"},\"inLanguage\":\"en-US\",\"potentialAction\":[{\"@type\":\"ReadAction\",\"target\":[\"https:\\\/\\\/pellenzer-open-air-festival.de\\\/jobs\\\/\"]}]},{\"@type\":\"ImageObject\",\"inLanguage\":\"en-US\",\"@id\":\"https:\\\/\\\/pellenzer-open-air-festival.de\\\/jobs\\\/#primaryimage\",\"url\":\"https:\\\/\\\/pellenzer-open-air-festival.de\\\/wp-content\\\/uploads\\\/2022\\\/05\\\/Pelle_icon_512x512.jpg\",\"contentUrl\":\"https:\\\/\\\/pellenzer-open-air-festival.de\\\/wp-content\\\/uploads\\\/2022\\\/05\\\/Pelle_icon_512x512.jpg\",\"width\":512,\"height\":512,\"caption\":\"PELLE Webicon jpg\"},{\"@type\":\"BreadcrumbList\",\"@id\":\"https:\\\/\\\/pellenzer-open-air-festival.de\\\/jobs\\\/#breadcrumb\",\"itemListElement\":[{\"@type\":\"ListItem\",\"position\":1,\"name\":\"Startseite\",\"item\":\"https:\\\/\\\/pellenzer-open-air-festival.de\\\/\"},{\"@type\":\"ListItem\",\"position\":2,\"name\":\"Jobs\"}]},{\"@type\":\"WebSite\",\"@id\":\"https:\\\/\\\/pellenzer-open-air-festival.de\\\/#website\",\"url\":\"https:\\\/\\\/pellenzer-open-air-festival.de\\\/\",\"name\":\"Pellenzer Open Air Festival\",\"description\":\"Pellenzer\",\"publisher\":{\"@id\":\"https:\\\/\\\/pellenzer-open-air-festival.de\\\/#organization\"},\"potentialAction\":[{\"@type\":\"SearchAction\",\"target\":{\"@type\":\"EntryPoint\",\"urlTemplate\":\"https:\\\/\\\/pellenzer-open-air-festival.de\\\/?s={search_term_string}\"},\"query-input\":{\"@type\":\"PropertyValueSpecification\",\"valueRequired\":true,\"valueName\":\"search_term_string\"}}],\"inLanguage\":\"en-US\"},{\"@type\":\"Organization\",\"@id\":\"https:\\\/\\\/pellenzer-open-air-festival.de\\\/#organization\",\"name\":\"Pellenzer Open Air Festival\",\"url\":\"https:\\\/\\\/pellenzer-open-air-festival.de\\\/\",\"logo\":{\"@type\":\"ImageObject\",\"inLanguage\":\"en-US\",\"@id\":\"https:\\\/\\\/pellenzer-open-air-festival.de\\\/#\\\/schema\\\/logo\\\/image\\\/\",\"url\":\"https:\\\/\\\/pellenzer-open-air-festival.de\\\/wp-content\\\/uploads\\\/2022\\\/05\\\/Pelle.png\",\"contentUrl\":\"https:\\\/\\\/pellenzer-open-air-festival.de\\\/wp-content\\\/uploads\\\/2022\\\/05\\\/Pelle.png\",\"width\":1920,\"height\":1953,\"caption\":\"Pellenzer Open Air Festival\"},\"image\":{\"@id\":\"https:\\\/\\\/pellenzer-open-air-festival.de\\\/#\\\/schema\\\/logo\\\/image\\\/\"},\"sameAs\":[\"https:\\\/\\\/www.facebook.com\\\/pellenzer\",\"https:\\\/\\\/www.instagram.com\\\/pelledelenzer\"]}]}<\/script>\n<!-- \/ Yoast SEO plugin. -->","yoast_head_json":{"title":"Jobs | Pellenzer Open Air Festival","description":"Learn more about the work of the Pellenzer and become part of our team. While we are primarily run by volunteers, we also offer a few paid jobs.","robots":{"index":"index","follow":"follow","max-snippet":"max-snippet:-1","max-image-preview":"max-image-preview:large","max-video-preview":"max-video-preview:-1"},"canonical":"https:\/\/pellenzer-open-air-festival.de\/en\/jobs\/","og_locale":"en_US","og_type":"article","og_title":"Jobs | Pellenzer Open Air Festival","og_description":"Erfahre mehr \u00fcber die Arbeit des Pellenzers und werde Teil unseres Teams - \u00fcberwiegend durch ehrenamtliche Helfer realisiert, bieten wir auch einige wenige honorierte Jobs an.","og_url":"https:\/\/pellenzer-open-air-festival.de\/en\/jobs\/","og_site_name":"Pellenzer Open Air Festival","article_publisher":"https:\/\/www.facebook.com\/pellenzer","article_modified_time":"2023-02-01T20:16:19+00:00","og_image":[{"width":512,"height":512,"url":"https:\/\/pellenzer-open-air-festival.de\/wp-content\/uploads\/2022\/05\/Pelle_icon_512x512.jpg","type":"image\/jpeg"}],"twitter_card":"summary_large_image","twitter_misc":{"Est. reading time":"3 minutes"},"schema":{"@context":"https:\/\/schema.org","@graph":[{"@type":"WebPage","@id":"https:\/\/pellenzer-open-air-festival.de\/jobs\/","url":"https:\/\/pellenzer-open-air-festival.de\/jobs\/","name":"Jobs | Pellenzer Open Air Festival","isPartOf":{"@id":"https:\/\/pellenzer-open-air-festival.de\/#website"},"primaryImageOfPage":{"@id":"https:\/\/pellenzer-open-air-festival.de\/jobs\/#primaryimage"},"image":{"@id":"https:\/\/pellenzer-open-air-festival.de\/jobs\/#primaryimage"},"thumbnailUrl":"https:\/\/pellenzer-open-air-festival.de\/wp-content\/uploads\/2022\/05\/Pelle_icon_512x512.jpg","datePublished":"2022-06-25T18:18:50+00:00","dateModified":"2023-02-01T20:16:19+00:00","description":"Learn more about the work of the Pellenzer and become part of our team. While we are primarily run by volunteers, we also offer a few paid jobs.","breadcrumb":{"@id":"https:\/\/pellenzer-open-air-festival.de\/jobs\/#breadcrumb"},"inLanguage":"en-US","potentialAction":[{"@type":"ReadAction","target":["https:\/\/pellenzer-open-air-festival.de\/jobs\/"]}]},{"@type":"ImageObject","inLanguage":"en-US","@id":"https:\/\/pellenzer-open-air-festival.de\/jobs\/#primaryimage","url":"https:\/\/pellenzer-open-air-festival.de\/wp-content\/uploads\/2022\/05\/Pelle_icon_512x512.jpg","contentUrl":"https:\/\/pellenzer-open-air-festival.de\/wp-content\/uploads\/2022\/05\/Pelle_icon_512x512.jpg","width":512,"height":512,"caption":"PELLE Webicon jpg"},{"@type":"BreadcrumbList","@id":"https:\/\/pellenzer-open-air-festival.de\/jobs\/#breadcrumb","itemListElement":[{"@type":"ListItem","position":1,"name":"Startseite","item":"https:\/\/pellenzer-open-air-festival.de\/"},{"@type":"ListItem","position":2,"name":"Jobs"}]},{"@type":"WebSite","@id":"https:\/\/pellenzer-open-air-festival.de\/#website","url":"https:\/\/pellenzer-open-air-festival.de\/","name":"Pellenzer Open Air Festival","description":"Pellenzer","publisher":{"@id":"https:\/\/pellenzer-open-air-festival.de\/#organization"},"potentialAction":[{"@type":"SearchAction","target":{"@type":"EntryPoint","urlTemplate":"https:\/\/pellenzer-open-air-festival.de\/?s={search_term_string}"},"query-input":{"@type":"PropertyValueSpecification","valueRequired":true,"valueName":"search_term_string"}}],"inLanguage":"en-US"},{"@type":"Organization","@id":"https:\/\/pellenzer-open-air-festival.de\/#organization","name":"Pellenzer Open Air Festival","url":"https:\/\/pellenzer-open-air-festival.de\/","logo":{"@type":"ImageObject","inLanguage":"en-US","@id":"https:\/\/pellenzer-open-air-festival.de\/#\/schema\/logo\/image\/","url":"https:\/\/pellenzer-open-air-festival.de\/wp-content\/uploads\/2022\/05\/Pelle.png","contentUrl":"https:\/\/pellenzer-open-air-festival.de\/wp-content\/uploads\/2022\/05\/Pelle.png","width":1920,"height":1953,"caption":"Pellenzer Open Air Festival"},"image":{"@id":"https:\/\/pellenzer-open-air-festival.de\/#\/schema\/logo\/image\/"},"sameAs":["https:\/\/www.facebook.com\/pellenzer","https:\/\/www.instagram.com\/pelledelenzer"]}]}},"_links":{"self":[{"href":"https:\/\/pellenzer-open-air-festival.de\/en\/wp-json\/wp\/v2\/pages\/980","targetHints":{"allow":["GET"]}}],"collection":[{"href":"https:\/\/pellenzer-open-air-festival.de\/en\/wp-json\/wp\/v2\/pages"}],"about":[{"href":"https:\/\/pellenzer-open-air-festival.de\/en\/wp-json\/wp\/v2\/types\/page"}],"author":[{"embeddable":true,"href":"https:\/\/pellenzer-open-air-festival.de\/en\/wp-json\/wp\/v2\/users\/1"}],"replies":[{"embeddable":true,"href":"https:\/\/pellenzer-open-air-festival.de\/en\/wp-json\/wp\/v2\/comments?post=980"}],"version-history":[{"count":10,"href":"https:\/\/pellenzer-open-air-festival.de\/en\/wp-json\/wp\/v2\/pages\/980\/revisions"}],"predecessor-version":[{"id":1627,"href":"https:\/\/pellenzer-open-air-festival.de\/en\/wp-json\/wp\/v2\/pages\/980\/revisions\/1627"}],"wp:featuredmedia":[{"embeddable":true,"href":"https:\/\/pellenzer-open-air-festival.de\/en\/wp-json\/wp\/v2\/media\/48"}],"wp:attachment":[{"href":"https:\/\/pellenzer-open-air-festival.de\/en\/wp-json\/wp\/v2\/media?parent=980"}],"curies":[{"name":"wp","href":"https:\/\/api.w.org\/{rel}","templated":true}]}}